{"id":73,"date":"2024-05-14T20:40:54","date_gmt":"2024-05-14T18:40:54","guid":{"rendered":"https:\/\/www.ziemniak.wroclaw.pl\/?page_id=73"},"modified":"2024-08-12T14:37:23","modified_gmt":"2024-08-12T12:37:23","slug":"rejstracja","status":"publish","type":"page","link":"https:\/\/www.ziemniak.wroclaw.pl\/?page_id=73","title":{"rendered":"Rejestracja"},"content":{"rendered":"<div class=\"wpforms-container wpforms-container-full wpforms-block wpforms-block-477ae45f-4eae-4fe8-bca4-a64905363275 wpforms-render-modern\" id=\"wpforms-64\"><form id=\"wpforms-form-64\" class=\"wpforms-validate wpforms-form wpforms-ajax-form\" data-formid=\"64\" method=\"post\" enctype=\"multipart\/form-data\" action=\"\/index.php?rest_route=%2Fwp%2Fv2%2Fpages%2F73\" data-token=\"f4a56e6dbaeebe2063652305b8a75d38\" data-token-time=\"1778331061\"><noscript class=\"wpforms-error-noscript\">Aby wype\u0142ni\u0107 ten formularz, w\u0142\u0105cz obs\u0142ug\u0119 JavaScript w przegl\u0105darce.<\/noscript><div class=\"wpforms-hidden\" id=\"wpforms-error-noscript\">Aby wype\u0142ni\u0107 ten formularz, w\u0142\u0105cz obs\u0142ug\u0119 JavaScript w przegl\u0105darce.<\/div><div class=\"wpforms-field-container\"><div id=\"wpforms-64-field_1-container\" class=\"wpforms-field wpforms-field-text\" data-field-id=\"1\"><label class=\"wpforms-field-label\" for=\"wpforms-64-field_1\">Imi\u0119 i nazwisko <span class=\"wpforms-required-label\" aria-hidden=\"true\">*<\/span><\/label><input type=\"text\" id=\"wpforms-64-field_1\" class=\"wpforms-field-medium wpforms-field-required\" name=\"wpforms[fields][1]\" aria-errormessage=\"wpforms-64-field_1-error\" required><\/div><div id=\"wpforms-64-field_2-container\" class=\"wpforms-field wpforms-field-text\" data-field-id=\"2\"><label class=\"wpforms-field-label\" for=\"wpforms-64-field_2\">Tytu\u0142\/stopie\u0144 naukowy<\/label><input type=\"text\" id=\"wpforms-64-field_2\" class=\"wpforms-field-medium\" name=\"wpforms[fields][2]\" aria-errormessage=\"wpforms-64-field_2-error\" ><\/div><div id=\"wpforms-64-field_3-container\" class=\"wpforms-field wpforms-field-text\" data-field-id=\"3\"><label class=\"wpforms-field-label\" for=\"wpforms-64-field_3\">Reprezentowana uczelnia\/instytucja\/firma <span class=\"wpforms-required-label\" aria-hidden=\"true\">*<\/span><\/label><input type=\"text\" id=\"wpforms-64-field_3\" class=\"wpforms-field-medium wpforms-field-required\" name=\"wpforms[fields][3]\" aria-errormessage=\"wpforms-64-field_3-error\" required><\/div><div id=\"wpforms-64-field_4-container\" class=\"wpforms-field wpforms-field-textarea\" data-field-id=\"4\"><label class=\"wpforms-field-label\" for=\"wpforms-64-field_4\">Adres do korespondencji <span class=\"wpforms-required-label\" aria-hidden=\"true\">*<\/span><\/label><textarea id=\"wpforms-64-field_4\" class=\"wpforms-field-medium wpforms-field-required\" name=\"wpforms[fields][4]\" aria-errormessage=\"wpforms-64-field_4-error\" required><\/textarea><\/div><div id=\"wpforms-64-field_7-container\" class=\"wpforms-field wpforms-field-email\" data-field-id=\"7\"><label class=\"wpforms-field-label\" for=\"wpforms-64-field_7\">Adres e-mail <span class=\"wpforms-required-label\" aria-hidden=\"true\">*<\/span><\/label><input type=\"email\" id=\"wpforms-64-field_7\" class=\"wpforms-field-medium wpforms-field-required\" name=\"wpforms[fields][7]\" spellcheck=\"false\" aria-errormessage=\"wpforms-64-field_7-error\" required><\/div><div id=\"wpforms-64-field_5-container\" class=\"wpforms-field wpforms-field-text\" data-field-id=\"5\"><label class=\"wpforms-field-label\" for=\"wpforms-64-field_5\">Telefon<\/label><input type=\"text\" id=\"wpforms-64-field_5\" class=\"wpforms-field-medium\" name=\"wpforms[fields][5]\" aria-errormessage=\"wpforms-64-field_5-error\" ><\/div><div id=\"wpforms-64-field_8-container\" class=\"wpforms-field wpforms-field-textarea\" data-field-id=\"8\"><label class=\"wpforms-field-label\" for=\"wpforms-64-field_8\">Dane do faktury<\/label><textarea id=\"wpforms-64-field_8\" class=\"wpforms-field-medium\" name=\"wpforms[fields][8]\" aria-errormessage=\"wpforms-64-field_8-error\" ><\/textarea><\/div><div id=\"wpforms-64-field_9-container\" class=\"wpforms-field wpforms-field-radio\" data-field-id=\"9\"><fieldset><legend class=\"wpforms-field-label\">Charakter uczestnictwa<\/legend><ul id=\"wpforms-64-field_9\"><li class=\"choice-1 depth-1\"><input type=\"radio\" id=\"wpforms-64-field_9_1\" name=\"wpforms[fields][9]\" value=\"Poster\/Postery\" aria-errormessage=\"wpforms-64-field_9_1-error\"  ><label class=\"wpforms-field-label-inline\" for=\"wpforms-64-field_9_1\">Poster\/Postery<\/label><\/li><li class=\"choice-2 depth-1\"><input type=\"radio\" id=\"wpforms-64-field_9_2\" name=\"wpforms[fields][9]\" value=\"Wyst\u0105pienie ustne\" aria-errormessage=\"wpforms-64-field_9_2-error\"  ><label class=\"wpforms-field-label-inline\" for=\"wpforms-64-field_9_2\">Wyst\u0105pienie ustne<\/label><\/li><li class=\"choice-3 depth-1\"><input type=\"radio\" id=\"wpforms-64-field_9_3\" name=\"wpforms[fields][9]\" value=\"Udzia\u0142 bierny\" aria-errormessage=\"wpforms-64-field_9_3-error\"  ><label class=\"wpforms-field-label-inline\" for=\"wpforms-64-field_9_3\">Udzia\u0142 bierny<\/label><\/li><\/ul><\/fieldset><\/div><div id=\"wpforms-64-field_10-container\" class=\"wpforms-field wpforms-field-textarea\" data-field-id=\"10\"><label class=\"wpforms-field-label\" for=\"wpforms-64-field_10\">Tytu\u0142 prezentacji lub tytu\u0142y poster\u00f3w<\/label><textarea id=\"wpforms-64-field_10\" class=\"wpforms-field-medium\" name=\"wpforms[fields][10]\" aria-errormessage=\"wpforms-64-field_10-error\" ><\/textarea><\/div><div id=\"wpforms-64-field_11-container\" class=\"wpforms-field wpforms-field-text\" data-field-id=\"11\"><label class=\"wpforms-field-label\" for=\"wpforms-64-field_11\">Autor prezentuj\u0105cy<\/label><input type=\"text\" id=\"wpforms-64-field_11\" class=\"wpforms-field-medium\" name=\"wpforms[fields][11]\" aria-errormessage=\"wpforms-64-field_11-error\" ><\/div><div id=\"wpforms-64-field_12-container\" class=\"wpforms-field wpforms-field-textarea\" data-field-id=\"12\"><label class=\"wpforms-field-label\" for=\"wpforms-64-field_12\">Wsp\u00f3\u0142autorzy<\/label><textarea id=\"wpforms-64-field_12\" class=\"wpforms-field-medium\" name=\"wpforms[fields][12]\" aria-errormessage=\"wpforms-64-field_12-error\" ><\/textarea><\/div><div id=\"wpforms-64-field_13-container\" class=\"wpforms-field wpforms-field-gdpr-checkbox\" data-field-id=\"13\"><label class=\"wpforms-field-label\">Zgoda RODO <span class=\"wpforms-required-label\" aria-hidden=\"true\">*<\/span><\/label><ul id=\"wpforms-64-field_13\" class=\"wpforms-field-required\"><li class=\"choice-1\"><input type=\"checkbox\" id=\"wpforms-64-field_13_1\" name=\"wpforms[fields][13][]\" value=\"Wyra\u017cam zgod\u0119 na przetwarzanie danych osobowych na potrzeby zwi\u0105zane z organizacj\u0105 konferencji. Zgodnie z ustaw\u0105 z dnia 29 sierpnia 1997 r. o ochronie danych osobowych (Dz.U. nr 133, poz. 883) organizatorzy konferencji zobowi\u0105zuj\u0105 si\u0119 do niewykorzystywania Pa\u0144stwa danych w innym, ni\u017c powy\u017cszy, celu. Przypominamy, \u017ce maj\u0105 Pa\u0144stwo prawo wgl\u0105du do zgromadzonych przez nas danych oraz do ich poprawiania.\" aria-errormessage=\"wpforms-64-field_13_1-error\" required ><label class=\"wpforms-field-label-inline\" for=\"wpforms-64-field_13_1\">Wyra\u017cam zgod\u0119 na przetwarzanie danych osobowych na potrzeby zwi\u0105zane z organizacj\u0105 konferencji. Zgodnie z ustaw\u0105 z dnia 29 sierpnia 1997 r. o ochronie danych osobowych (Dz.U. nr 133, poz. 883) organizatorzy konferencji zobowi\u0105zuj\u0105 si\u0119 do niewykorzystywania Pa\u0144stwa danych w innym, ni\u017c powy\u017cszy, celu. Przypominamy, \u017ce maj\u0105 Pa\u0144stwo prawo wgl\u0105du do zgromadzonych przez nas danych oraz do ich poprawiania.<\/label><\/li><\/ul><\/div><\/div><!-- .wpforms-field-container --><div class=\"wpforms-submit-container\" ><input type=\"hidden\" name=\"wpforms[id]\" value=\"64\"><input type=\"hidden\" name=\"page_title\" value=\"\"><input type=\"hidden\" name=\"page_url\" value=\"https:\/\/www.ziemniak.wroclaw.pl\/index.php?rest_route=\/wp\/v2\/pages\/73\"><input type=\"hidden\" name=\"url_referer\" value=\"\"><button type=\"submit\" name=\"wpforms[submit]\" id=\"wpforms-submit-64\" class=\"wpforms-submit\" data-alt-text=\"Wysy\u0142anie...\" data-submit-text=\"Prze\u015blij\" aria-live=\"assertive\" value=\"wpforms-submit\">Prze\u015blij<\/button><img loading=\"lazy\" decoding=\"async\" src=\"https:\/\/www.ziemniak.wroclaw.pl\/wp-content\/plugins\/wpforms-lite\/assets\/images\/submit-spin.svg\" class=\"wpforms-submit-spinner\" style=\"display: none;\" width=\"26\" height=\"26\" alt=\"Wczytywanie\"><\/div><\/form><\/div>  <!-- .wpforms-container -->","protected":false},"excerpt":{"rendered":"","protected":false},"author":1,"featured_media":0,"parent":0,"menu_order":0,"comment_status":"closed","ping_status":"closed","template":"","meta":{"footnotes":""},"class_list":["post-73","page","type-page","status-publish","hentry"],"blocksy_meta":[],"_links":{"self":[{"href":"https:\/\/www.ziemniak.wroclaw.pl\/index.php?rest_route=\/wp\/v2\/pages\/73","targetHints":{"allow":["GET"]}}],"collection":[{"href":"https:\/\/www.ziemniak.wroclaw.pl\/index.php?rest_route=\/wp\/v2\/pages"}],"about":[{"href":"https:\/\/www.ziemniak.wroclaw.pl\/index.php?rest_route=\/wp\/v2\/types\/page"}],"author":[{"embeddable":true,"href":"https:\/\/www.ziemniak.wroclaw.pl\/index.php?rest_route=\/wp\/v2\/users\/1"}],"replies":[{"embeddable":true,"href":"https:\/\/www.ziemniak.wroclaw.pl\/index.php?rest_route=%2Fwp%2Fv2%2Fcomments&post=73"}],"version-history":[{"count":3,"href":"https:\/\/www.ziemniak.wroclaw.pl\/index.php?rest_route=\/wp\/v2\/pages\/73\/revisions"}],"predecessor-version":[{"id":102,"href":"https:\/\/www.ziemniak.wroclaw.pl\/index.php?rest_route=\/wp\/v2\/pages\/73\/revisions\/102"}],"wp:attachment":[{"href":"https:\/\/www.ziemniak.wroclaw.pl\/index.php?rest_route=%2Fwp%2Fv2%2Fmedia&parent=73"}],"curies":[{"name":"wp","href":"https:\/\/api.w.org\/{rel}","templated":true}]}}