{"id":236,"date":"2025-01-18T20:01:30","date_gmt":"2025-01-18T19:01:30","guid":{"rendered":"https:\/\/www.ziemniak.wroclaw.pl\/?page_id=236"},"modified":"2025-04-07T12:57:04","modified_gmt":"2025-04-07T10:57:04","slug":"dla-autorow","status":"publish","type":"page","link":"https:\/\/www.ziemniak.wroclaw.pl\/?page_id=236","title":{"rendered":"Dla autor\u00f3w"},"content":{"rendered":"\n<p><strong>STRESZCZENIA<\/strong><\/p>\n\n\n\n<p>Streszczenia komunikat\u00f3w oraz referat\u00f3w plenarnych nale\u017cy przes\u0142a\u0107 do dnia 15.03.2025 roku na adres <a href=\"mailto:konferencja@ziemniak.wroclaw.pl\">konferencja@ziemniak.wroclaw.pl<\/a> wpisuj\u0105c w tytu\u0142 wiadomo\u015bci streszczenie.Nazwisko (pierwszego autora)<\/p>\n\n\n\n<p>Streszczenie nale\u017cy przesy\u0142a\u0107 jako za\u0142\u0105cznik zapisany w programie word (wersja edytowalna) oraz w formacie pdf. Za\u0142\u0105czniki nale\u017cy zatytu\u0142owa\u0107: nazwisko, pocz\u0105tek tytu\u0142u komunikatu<\/p>\n\n\n\n<p>Do przygotowania streszczenia prosimy u\u017cy\u0107 za\u0142\u0105czonej formatki:&nbsp;&nbsp; <a href=\"https:\/\/www.ziemniak.wroclaw.pl\/wp-content\/uploads\/2025\/01\/wzor-streszczenia.docx\">kliknij aby pobra\u0107<\/a><\/p>\n\n\n\n<p><strong>Rozmiary plakat\u00f3w: maksymalnie 80cm x 110cm (szeroko\u015b\u0107 x wysoko\u015b\u0107)<\/strong><\/p>\n\n\n\n<p><strong>INFORMACJE DODATKOWE<\/strong><\/p>\n\n\n\n<p>Spo\u015br\u00f3d prac prezentowanych na Konferencji Komitet Naukowy wybierze prace, kt\u00f3re b\u0119d\u0105 mog\u0142y zosta\u0107 opublikowane bezp\u0142atnie, po spe\u0142nieniu wymaga\u0144 redakcyjnych jako publikacje w j\u0119zyku polskim w czasopismach:<\/p>\n\n\n\n<p>&#8211; \u017bywno\u015b\u0107. Nauka. Technologia. Jako\u015b\u0107. &nbsp;<\/p>\n\n\n\n<p>Manuskrypty przygotowane zgodnie z wymaganiami dla autor\u00f3w wy\u017cej wymienionego czasopisma b\u0119dzie nale\u017ca\u0142o przesy\u0142a\u0107 do redakcji za pomoc\u0105 platformy: <a href=\"https:\/\/www.editorialsystem.com\/zntj\" target=\"_blank\" rel=\"noreferrer noopener\">https:\/\/www.editorialsystem.com\/zntj<\/a> &nbsp;dost\u0119pnej na stronie wydawnictwa: <a href=\"https:\/\/wydawnictwo.pttz.org\" target=\"_blank\" rel=\"noreferrer noopener\">https:\/\/wydawnictwo.pttz.org<\/a> w nieprzekraczalnym terminie do 9.06.2025 r.<\/p>\n\n\n\n<p>&#8211; Kwartalnik Ziemniak Polski<\/p>\n\n\n\n<p>Manuskrypty b\u0119dzie nale\u017ca\u0142o przygotowa\u0107 i przes\u0142a\u0107 do wydawnictwa zgodnie z wymogami zamieszczonymi na stronie: <a href=\"http:\/\/ziemniak-bonin.pl\/kwartalnik-ziemniak-polski\/\">http:\/\/ziemniak-bonin.pl\/kwartalnik-ziemniak-polski\/<\/a> w zak\u0142adce: dla autor\u00f3w w nieprzekraczalnym terminie do 9.06.2025 r.<\/p>\n\n\n\n<p>Tytu\u0142y wybranych komunikat\u00f3w, kt\u00f3rych autorzy otrzymaj\u0105 mo\u017cliwo\u015bci publikacji, zostan\u0105 odczytane podczas podsumowania Konferencji (9.05.2025).<\/p>\n","protected":false},"excerpt":{"rendered":"<p>STRESZCZENIA Streszczenia komunikat\u00f3w oraz referat\u00f3w plenarnych nale\u017cy przes\u0142a\u0107 do dnia 15.03.2025 roku na adres konferencja@ziemniak.wroclaw.pl wpisuj\u0105c w tytu\u0142 wiadomo\u015bci streszczenie.Nazwisko (pierwszego autora) Streszczenie nale\u017cy przesy\u0142a\u0107 jako za\u0142\u0105cznik zapisany w programie word (wersja edytowalna) oraz w formacie pdf. Za\u0142\u0105czniki nale\u017cy zatytu\u0142owa\u0107: nazwisko, pocz\u0105tek tytu\u0142u komunikatu Do przygotowania streszczenia prosimy u\u017cy\u0107 za\u0142\u0105czonej formatki:&nbsp;&nbsp; kliknij aby pobra\u0107 Rozmiary [&hellip;]<\/p>\n","protected":false},"author":1,"featured_media":0,"parent":0,"menu_order":0,"comment_status":"closed","ping_status":"closed","template":"","meta":{"footnotes":""},"class_list":["post-236","page","type-page","status-publish","hentry"],"blocksy_meta":[],"_links":{"self":[{"href":"https:\/\/www.ziemniak.wroclaw.pl\/index.php?rest_route=\/wp\/v2\/pages\/236","targetHints":{"allow":["GET"]}}],"collection":[{"href":"https:\/\/www.ziemniak.wroclaw.pl\/index.php?rest_route=\/wp\/v2\/pages"}],"about":[{"href":"https:\/\/www.ziemniak.wroclaw.pl\/index.php?rest_route=\/wp\/v2\/types\/page"}],"author":[{"embeddable":true,"href":"https:\/\/www.ziemniak.wroclaw.pl\/index.php?rest_route=\/wp\/v2\/users\/1"}],"replies":[{"embeddable":true,"href":"https:\/\/www.ziemniak.wroclaw.pl\/index.php?rest_route=%2Fwp%2Fv2%2Fcomments&post=236"}],"version-history":[{"count":4,"href":"https:\/\/www.ziemniak.wroclaw.pl\/index.php?rest_route=\/wp\/v2\/pages\/236\/revisions"}],"predecessor-version":[{"id":270,"href":"https:\/\/www.ziemniak.wroclaw.pl\/index.php?rest_route=\/wp\/v2\/pages\/236\/revisions\/270"}],"wp:attachment":[{"href":"https:\/\/www.ziemniak.wroclaw.pl\/index.php?rest_route=%2Fwp%2Fv2%2Fmedia&parent=236"}],"curies":[{"name":"wp","href":"https:\/\/api.w.org\/{rel}","templated":true}]}}