{"id":161,"date":"2024-11-23T21:12:12","date_gmt":"2024-11-23T20:12:12","guid":{"rendered":"https:\/\/www.ziemniak.wroclaw.pl\/?page_id=161"},"modified":"2024-11-24T15:40:03","modified_gmt":"2024-11-24T14:40:03","slug":"kontakt-2","status":"publish","type":"page","link":"https:\/\/www.ziemniak.wroclaw.pl\/?page_id=161","title":{"rendered":"Kontakt"},"content":{"rendered":"\n<p><strong>Sekretarz konferencji:<\/strong> dr hab. in\u017c. Joanna Miedzianka<br>Telefon: 71 320 77 16<br>e-mail: <a href=\"mailto:joanna.miedzianka@upwr.edu.pl\">konferencja@ziemniak.wroclaw.pl<\/a><\/p>\n\n\n\n<p>Katedra Technologii \u017bywno\u015bci i Przechowalnictwa<br>Uniwersytet Przyrodniczy we Wroc\u0142awiu,<br>ul. Che\u0142mo\u0144skiego 37, 51-630 Wroc\u0142aw<br>bud. F13, pok.122a<br>telefon: 71 320 7768<\/p>\n\n\n\n<p><\/p>\n","protected":false},"excerpt":{"rendered":"<p>Sekretarz konferencji: dr hab. in\u017c. Joanna MiedziankaTelefon: 71 320 77 16e-mail: konferencja@ziemniak.wroclaw.pl Katedra Technologii \u017bywno\u015bci i PrzechowalnictwaUniwersytet Przyrodniczy we Wroc\u0142awiu,ul. Che\u0142mo\u0144skiego 37, 51-630 Wroc\u0142awbud. F13, pok.122atelefon: 71 320 7768<\/p>\n","protected":false},"author":1,"featured_media":0,"parent":0,"menu_order":0,"comment_status":"closed","ping_status":"closed","template":"","meta":{"footnotes":""},"class_list":["post-161","page","type-page","status-publish","hentry"],"blocksy_meta":[],"_links":{"self":[{"href":"https:\/\/www.ziemniak.wroclaw.pl\/index.php?rest_route=\/wp\/v2\/pages\/161","targetHints":{"allow":["GET"]}}],"collection":[{"href":"https:\/\/www.ziemniak.wroclaw.pl\/index.php?rest_route=\/wp\/v2\/pages"}],"about":[{"href":"https:\/\/www.ziemniak.wroclaw.pl\/index.php?rest_route=\/wp\/v2\/types\/page"}],"author":[{"embeddable":true,"href":"https:\/\/www.ziemniak.wroclaw.pl\/index.php?rest_route=\/wp\/v2\/users\/1"}],"replies":[{"embeddable":true,"href":"https:\/\/www.ziemniak.wroclaw.pl\/index.php?rest_route=%2Fwp%2Fv2%2Fcomments&post=161"}],"version-history":[{"count":4,"href":"https:\/\/www.ziemniak.wroclaw.pl\/index.php?rest_route=\/wp\/v2\/pages\/161\/revisions"}],"predecessor-version":[{"id":218,"href":"https:\/\/www.ziemniak.wroclaw.pl\/index.php?rest_route=\/wp\/v2\/pages\/161\/revisions\/218"}],"wp:attachment":[{"href":"https:\/\/www.ziemniak.wroclaw.pl\/index.php?rest_route=%2Fwp%2Fv2%2Fmedia&parent=161"}],"curies":[{"name":"wp","href":"https:\/\/api.w.org\/{rel}","templated":true}]}}