{"id":152,"date":"2024-11-23T20:41:39","date_gmt":"2024-11-23T19:41:39","guid":{"rendered":"https:\/\/www.ziemniak.wroclaw.pl\/?page_id=152"},"modified":"2025-05-07T00:24:48","modified_gmt":"2025-05-06T22:24:48","slug":"program","status":"publish","type":"page","link":"https:\/\/www.ziemniak.wroclaw.pl\/?page_id=152","title":{"rendered":"PROGRAM"},"content":{"rendered":"\n<p><strong>8 maja 2025 roku \/czwartek\/<\/strong><\/p>\n\n\n\n<p><strong>od 8<sup>00<\/sup><\/strong>&nbsp; rejestracja uczestnik\u00f3w \/budynek Wydzia\u0142u Biotechnologii i Nauk o \u017bywno\u015bci,<br>ul. Che\u0142mo\u0144skiego 37, 61-630 Wroc\u0142aw\/<\/p>\n\n\n\n<p><strong>9<sup>00<\/sup><\/strong>&nbsp;&nbsp;&nbsp;&nbsp;&nbsp;&nbsp;&nbsp; otwarcie Konferencji &#8211; &nbsp;<strong>prof. Wac\u0142aw Leszczy\u0144ski, prof. Anna P\u0119ksa<\/strong><\/p>\n\n\n\n<p><strong>9<sup>30<\/sup>&nbsp;&nbsp;&nbsp;&nbsp;&nbsp;&nbsp;&nbsp; <\/strong>referat plenarny: <strong>dr Wojciech Nowacki<\/strong> <em>\u201eStan aktualny oraz perspektywy rozwoju polskiej bran\u017cy ziemniaka&#8221;<\/em><\/p>\n\n\n\n<p><strong><em>sesja I nt.: Czynniki uprawowe i ochronne w produkcji ziemniak\u00f3w<\/em><\/strong><\/p>\n\n\n\n<p><strong>10<sup>00<\/sup><\/strong><sup>&nbsp;&nbsp;&nbsp;&nbsp;&nbsp;&nbsp;&nbsp; <\/sup>referat plenarny: <strong>dr hab. Krystyna Zarzy\u0144ska<\/strong> <em>\u201eProblemy ekologicznej produkcji ziemniaka i pr\u00f3by ich rozwi\u0105zywania w badaniach IHAR\u201d<\/em><\/p>\n\n\n\n<p><strong>10<sup>30&nbsp;&nbsp;&nbsp;&nbsp;&nbsp;&nbsp;&nbsp; <\/sup><\/strong>referat: dr in\u017c. Bernadetta Kucharska<strong>, mgr in\u017c. Lucyna Machajewska-Wr\u00f3bel <\/strong><em>\u201ePolski ziemniak w aspekcie przepis\u00f3w w zakresie zdrowia ro\u015blin\u201d<\/em><\/p>\n\n\n\n<p><strong>10<sup>50<\/sup><\/strong>&nbsp;&nbsp;&nbsp;&nbsp;&nbsp; komunikat ustny: \u201e<strong>mgr in\u017c.<\/strong> <strong>Renata Leszczy\u0144ska<\/strong> \u201e<em>Wp\u0142yw w\u0142a\u015bciwo\u015bci fizycznych i chemicznych gleby na zawarto\u015b\u0107 skrobi w bulwach ziemniaka uprawianego na polach produkcyjnych<\/em>\u201d<\/p>\n\n\n\n<p><strong>11<sup>05<\/sup><\/strong>\u00a0\u00a0\u00a0\u00a0\u00a0 komunikat ustny: <strong>dr in\u017c. Jerzy Osowski<\/strong> \u201e<em>Mo\u017cliwo\u015bci ochrony plantacji ziemniaka przy zmniejszaj\u0105cej si\u0119 ilo\u015bci substancji aktywnych<\/em>\u201d<\/p>\n\n\n\n<p><strong>11<sup>20 <\/sup>&#8211; 11<sup>50<\/sup> &nbsp;&nbsp;&nbsp;przerwa kawowa<\/strong><\/p>\n\n\n\n<p><strong><em>sesja II nt.: Aspekty odmianowe i ich znaczenie dla produkcji oraz przetwarzania ziemniaka<\/em><\/strong><\/p>\n\n\n\n<p><strong>11<sup>50 <\/sup><\/strong>&nbsp;&nbsp;&nbsp;&nbsp; referat plenarny: <strong>dr hab. Dominika Boguszewska-Ma\u0144kowska <\/strong><em>\u201eR\u00f3\u017cnorodno\u015b\u0107 strategii odporno\u015bci ziemniaka (Solanum tuberosum L.) na susz\u0119 glebow\u0105 i ocena ich przydatno\u015bci w hodowli\u201d<\/em><\/p>\n\n\n\n<p><strong>12<sup>20<\/sup> &nbsp;&nbsp;&nbsp;&nbsp; <\/strong>referat plenarny: <strong>prof. dr Elvyra Jariene <\/strong><em>\u201cThe potential for the improvement of Biologically Active and Anticancer Compounds level in potato tubers with colour flesh &#8211; effect of the genotype and farming&#8221;<\/em><\/p>\n\n\n\n<p><strong>12<sup>50<\/sup> &nbsp;&nbsp;&nbsp;&nbsp; <\/strong>komunikat ustny:<strong> prof. dr hab. Hanna Mojska<\/strong> \u201e<em>Akryloamid w produktach ziemniaczanych z perspektywy 20 lat bada\u0144<\/em>\u201d <em>cz. 1<\/em><\/p>\n\n\n\n<p><strong>13<sup>05<\/sup> &nbsp;&nbsp;&nbsp;&nbsp; <\/strong>komunikat ustny: <strong>prof. dr hab. Hanna Mojska<\/strong> \u201e<em>Akryloamid w produktach ziemniaczanych z perspektywy 20 lat bada\u0144\u201d cz. 2<\/em><\/p>\n\n\n\n<p><strong>13<sup>20<\/sup>&nbsp;&nbsp;&nbsp;&nbsp;&nbsp; <\/strong>prezentacja firmy <strong>Mettler-Toledo: \u201e<\/strong><em>Zapewnienie zgodno\u015bci produktu na etapie od produkcji do laboratorium \u2013 rozwi\u0105zania METTLER TOLEDO do kontroli jako\u015bci produkt\u00f3w spo\u017cywczych<\/em>\u201d<\/p>\n\n\n\n<p><strong>13<sup>40<\/sup>&nbsp;&nbsp;&nbsp;&nbsp;&nbsp; <\/strong>komunikat ustny: <strong>dr hab. in\u017c. W\u0142odzimierz Przewodowski<\/strong> \u201e<em>Podatno\u015b\u0107 na choroby wybranych odmian Solanum tuberosum L. w kontek\u015bcie potencjalnej przydatno\u015bci w przetw\u00f3rstwie ziemniaka<\/em>\u201d<\/p>\n\n\n\n<p><strong>13<sup>55 <\/sup>\u2013 15<sup>00 <\/sup>&nbsp;&nbsp;&nbsp;lunch<\/strong><\/p>\n\n\n\n<p><strong>15<sup>00 <\/sup>&#8211; 16<sup>00 <\/sup>&#8211; sesja posterowa<\/strong><\/p>\n\n\n\n<p><strong>15<sup>15&nbsp;&nbsp;&nbsp;&nbsp;&nbsp;&nbsp;&nbsp; <\/sup><\/strong><strong>szkolenie firmy PIK Instruments<\/strong> pt.: \u201e<em>Spektroskopia FT-NIR w procesie kontroli jako\u015bci produkt\u00f3w ziemniaczanych \u2013 nowoczesne podej\u015bcie do monitorowania i optymalizacji<\/em>\u201d poprowadzone z wykorzystaniem spektrometru MPAII \u2013 dla os\u00f3b zg\u0142oszonych<\/p>\n\n\n\n<p><strong>15<sup>15\u00a0\u00a0\u00a0\u00a0\u00a0\u00a0\u00a0 <\/sup><\/strong><strong>spotkanie wyborcze sekcji technologii w\u0119glowodan\u00f3w PTT\u017b<\/strong> \u2013 wyb\u00f3r nowego prezesa<\/p>\n\n\n\n<p><strong>17<sup>00 <\/sup>&#8211; 18<sup>00<\/sup><\/strong>&nbsp;&nbsp; zwiedzanie Afrykarium na terenie Wroc\u0142awskiego ZOO, spacer po ZOO<br>oraz uroczysta kolacja <strong>od godziny 19<sup>00<\/sup><\/strong><\/p>\n\n\n\n<p><strong>9 maja 2025 roku \/pi\u0105tek\/<\/strong><\/p>\n\n\n\n<p><strong><em>sesja III nt.: Praktyka przemys\u0142owa, produkty uboczne oraz spo\u017cywcze i niespo\u017cywcze zastosowania skrobi ziemniaczanej<\/em><\/strong><\/p>\n\n\n\n<p><strong>9<sup>00<\/sup>&nbsp;&nbsp;&nbsp;&nbsp;&nbsp;&nbsp;&nbsp; <\/strong>referat plenarny: <strong>prof. dr hab. Justyna Rosicka-Kaczmarek<\/strong> <em>\u201eSkrobia i jej wykorzystanie w enkapsulacji zwi\u0105zk\u00f3w bioaktywnych&#8221;<\/em><\/p>\n\n\n\n<p><strong>9<sup>30<\/sup>&nbsp;&nbsp;&nbsp;&nbsp;&nbsp;&nbsp; <\/strong>referat plenarny: <strong>prof. dr hab. in\u017c. Les\u0142aw Juszczak <\/strong><em>\u201eNowe kierunki modyfikacji i zastosowania skrobi\u201d<\/em><\/p>\n\n\n\n<p><strong>10<sup>00&nbsp;&nbsp;&nbsp;&nbsp;&nbsp;&nbsp;&nbsp; <\/sup><\/strong>komunikat ustny: <strong>dr in\u017c. Jacek Lewandowicz<\/strong> \u201e<em>Ocena procesu ozonowania skrobi ziemniaczanej i grochowej w aspekcie w\u0142a\u015bciwo\u015bci reologicznych<\/em>\u201d<\/p>\n\n\n\n<p><strong>10<sup>15<\/sup><\/strong>&nbsp;&nbsp;&nbsp;&nbsp;&nbsp; komunikat ustny:<strong> dr hab. in\u017c. Tomasz Zi\u0119ba <\/strong>\u201e<em>W\u0142a\u015bciwo\u015bci skrobi ziemniaczanej poddanej hydrotermicznemu hartowaniu oraz kationizacji\u201d<\/em><\/p>\n\n\n\n<p><strong>10<sup>30<\/sup><\/strong>&nbsp;&nbsp;&nbsp;&nbsp;&nbsp; komunikat ustny: <strong>dr hab. in\u017c. Joanna Miedzianka<\/strong> \u201e<em>W\u0142a\u015bciwo\u015bci inhibitorowe, antyoksydacyjne i antydrobnoustrojowe kie\u0142k\u00f3w ziemniak\u00f3w odmian o r\u00f3\u017cnej barwie mi\u0105\u017cszu oraz charakterystyka ich sk\u0142adu chemicznego<\/em>\u201d<\/p>\n\n\n\n<p><strong>10<sup>45<\/sup> \u2013 11<sup>15<\/sup> &nbsp;&nbsp;&nbsp;<sup>&nbsp;<\/sup>przerwa kawowa<\/strong><\/p>\n\n\n\n<p><strong><em>sesja IV nt.: Czynniki determinuj\u0105ce jako\u015b\u0107 technologiczn\u0105 i konsumpcyjn\u0105 bulw ziemniaka<\/em><\/strong><\/p>\n\n\n\n<p><strong>11<sup>15<\/sup>&nbsp;&nbsp;&nbsp;&nbsp;&nbsp; <\/strong>referat: <strong>prof. dr hab. in\u017c. Agnieszka Kita<\/strong> <em>\u201eZiemniak \u2013 surowiec przysz\u0142o\u015bci\u201d<\/em><\/p>\n\n\n\n<p><strong>11<sup>35&nbsp;&nbsp;&nbsp;&nbsp;&nbsp;&nbsp;&nbsp; <\/sup><\/strong>referat: <strong>dr in\u017c. Marzena Styczy\u0144ska<\/strong> <em>\u201eZiemniak na talerzu \u2013 mi\u0119dzy tradycj\u0105, zdrowiem a nowoczesno\u015bci\u0105&#8221;<\/em><\/p>\n\n\n\n<p><strong>11<sup>55<\/sup><\/strong>&nbsp;&nbsp;&nbsp;&nbsp;&nbsp; komunikat ustny: <strong>dr in\u017c. Tomasz Erlichowski<\/strong> \u201e<em>Wysoka jako\u015b\u0107 sadzeniak\u00f3w podstaw\u0105 wysokiej jako\u015bci bulw jako produkt finalny dla przetw\u00f3rstwa spo\u017cywczego<\/em>\u201d<\/p>\n\n\n\n<p><strong>12<sup>10<\/sup><\/strong>&nbsp;&nbsp;&nbsp;&nbsp;&nbsp; komunikat ustny: <strong>dr in\u017c. Cezary Trawczy\u0144ski<\/strong> \u201e<em>Wp\u0142yw zmienno\u015bci genotypowo-\u015brodowiskowej na plon i cechy jako\u015bci bulw ziemniaka uprawianego w systemie ekologicznym<\/em>\u201d<\/p>\n\n\n\n<p><strong>12<sup>25<\/sup><\/strong>&nbsp;&nbsp;&nbsp;&nbsp;&nbsp; komunikat ustny: <strong>dr Milena Pietraszko<\/strong> \u201e<em>Zmienno\u015b\u0107 genotypowo-\u015brodowiskowa a przechowalno\u015b\u0107 bulw ziemniaka w ekologicznym systemie uprawy<\/em>\u201d<\/p>\n\n\n\n<p><strong>12<sup>40<\/sup> \u2013 13<sup>00<\/sup> &nbsp;&nbsp;&nbsp;<sup>&nbsp;<\/sup>przerwa, g\u0142osowanie \u2013 wyb\u00f3r nagrody publiczno\u015bci<\/strong><\/p>\n\n\n\n<p><strong>13<sup>00<\/sup> <\/strong>&nbsp;&nbsp;&nbsp;&nbsp; <strong>forum dyskusyjne, podsumowanie obrad oraz sesji posterowej, og\u0142oszenie wyr\u00f3\u017cnionych komunikat\u00f3w<\/strong><\/p>\n\n\n\n<p><strong>13<sup>40&nbsp;&nbsp;&nbsp;&nbsp;&nbsp;&nbsp;&nbsp; <\/sup>zamkni\u0119cie konferencji<\/strong><\/p>\n\n\n\n<p><strong>13<sup>45 <\/sup>\u2013 14<sup>45 <\/sup>&nbsp;&nbsp;&nbsp;lunch<\/strong><strong>&nbsp;<\/strong><\/p>\n\n\n\n<p>Organizatorzy zastrzegaj\u0105 sobie mo\u017cliwo\u015b\u0107 niewielkich zmian w programie Konferencji.<\/p>\n","protected":false},"excerpt":{"rendered":"<p>8 maja 2025 roku \/czwartek\/ od 800&nbsp; rejestracja uczestnik\u00f3w \/budynek Wydzia\u0142u Biotechnologii i Nauk o \u017bywno\u015bci,ul. Che\u0142mo\u0144skiego 37, 61-630 Wroc\u0142aw\/ 900&nbsp;&nbsp;&nbsp;&nbsp;&nbsp;&nbsp;&nbsp; otwarcie Konferencji &#8211; &nbsp;prof. Wac\u0142aw Leszczy\u0144ski, prof. Anna P\u0119ksa 930&nbsp;&nbsp;&nbsp;&nbsp;&nbsp;&nbsp;&nbsp; referat plenarny: dr Wojciech Nowacki \u201eStan aktualny oraz perspektywy rozwoju polskiej bran\u017cy ziemniaka&#8221; sesja I nt.: Czynniki uprawowe i ochronne w produkcji ziemniak\u00f3w 1000&nbsp;&nbsp;&nbsp;&nbsp;&nbsp;&nbsp;&nbsp; [&hellip;]<\/p>\n","protected":false},"author":1,"featured_media":0,"parent":0,"menu_order":0,"comment_status":"closed","ping_status":"closed","template":"","meta":{"footnotes":""},"class_list":["post-152","page","type-page","status-publish","hentry"],"blocksy_meta":[],"_links":{"self":[{"href":"https:\/\/www.ziemniak.wroclaw.pl\/index.php?rest_route=\/wp\/v2\/pages\/152","targetHints":{"allow":["GET"]}}],"collection":[{"href":"https:\/\/www.ziemniak.wroclaw.pl\/index.php?rest_route=\/wp\/v2\/pages"}],"about":[{"href":"https:\/\/www.ziemniak.wroclaw.pl\/index.php?rest_route=\/wp\/v2\/types\/page"}],"author":[{"embeddable":true,"href":"https:\/\/www.ziemniak.wroclaw.pl\/index.php?rest_route=\/wp\/v2\/users\/1"}],"replies":[{"embeddable":true,"href":"https:\/\/www.ziemniak.wroclaw.pl\/index.php?rest_route=%2Fwp%2Fv2%2Fcomments&post=152"}],"version-history":[{"count":10,"href":"https:\/\/www.ziemniak.wroclaw.pl\/index.php?rest_route=\/wp\/v2\/pages\/152\/revisions"}],"predecessor-version":[{"id":290,"href":"https:\/\/www.ziemniak.wroclaw.pl\/index.php?rest_route=\/wp\/v2\/pages\/152\/revisions\/290"}],"wp:attachment":[{"href":"https:\/\/www.ziemniak.wroclaw.pl\/index.php?rest_route=%2Fwp%2Fv2%2Fmedia&parent=152"}],"curies":[{"name":"wp","href":"https:\/\/api.w.org\/{rel}","templated":true}]}}