{"id":148,"date":"2024-11-23T20:29:42","date_gmt":"2024-11-23T19:29:42","guid":{"rendered":"https:\/\/www.ziemniak.wroclaw.pl\/?page_id=148"},"modified":"2024-11-23T20:29:42","modified_gmt":"2024-11-23T19:29:42","slug":"oplaty","status":"publish","type":"page","link":"https:\/\/www.ziemniak.wroclaw.pl\/?page_id=148","title":{"rendered":"Op\u0142aty"},"content":{"rendered":"\n<p><strong>Koszt Konferencji: 1050 z\u0142<\/strong><\/p>\n\n\n\n<p>Op\u0142at\u0119 za udzia\u0142 w Konferencji nale\u017cy wnie\u015b\u0107 najp\u00f3\u017aniej do <strong>15.03.2025<\/strong> roku.<\/p>\n\n\n\n<p>Op\u0142at\u0119 nale\u017cy przela\u0107 na konto konferencji:<\/p>\n\n\n\n<p>PKO BP 23 1020 5226 0000 6002 0187 3413,<\/p>\n\n\n\n<p>tytu\u0142em: ziemniak25 &#8211; imi\u0119 i nazwisko<\/p>\n\n\n\n<p>Op\u0142ata obejmuje: udzia\u0142 w obradach, materia\u0142y konferencyjne, przerwy kawowe, lunch w pierwszym i drugim dniu Konferencji, uroczyst\u0105 kolacj\u0119 po\u0142\u0105czon\u0105 ze zwiedzaniem wroc\u0142awskiego ZOO<\/p>\n\n\n\n<p>Uwaga! Op\u0142ata nie obejmuje koszt\u00f3w nocleg\u00f3w oraz \u015bniada\u0144<\/p>\n","protected":false},"excerpt":{"rendered":"<p>Koszt Konferencji: 1050 z\u0142 Op\u0142at\u0119 za udzia\u0142 w Konferencji nale\u017cy wnie\u015b\u0107 najp\u00f3\u017aniej do 15.03.2025 roku. Op\u0142at\u0119 nale\u017cy przela\u0107 na konto konferencji: PKO BP 23 1020 5226 0000 6002 0187 3413, tytu\u0142em: ziemniak25 &#8211; imi\u0119 i nazwisko Op\u0142ata obejmuje: udzia\u0142 w obradach, materia\u0142y konferencyjne, przerwy kawowe, lunch w pierwszym i drugim dniu Konferencji, uroczyst\u0105 kolacj\u0119 po\u0142\u0105czon\u0105 [&hellip;]<\/p>\n","protected":false},"author":1,"featured_media":0,"parent":0,"menu_order":0,"comment_status":"closed","ping_status":"closed","template":"","meta":{"footnotes":""},"class_list":["post-148","page","type-page","status-publish","hentry"],"blocksy_meta":[],"_links":{"self":[{"href":"https:\/\/www.ziemniak.wroclaw.pl\/index.php?rest_route=\/wp\/v2\/pages\/148","targetHints":{"allow":["GET"]}}],"collection":[{"href":"https:\/\/www.ziemniak.wroclaw.pl\/index.php?rest_route=\/wp\/v2\/pages"}],"about":[{"href":"https:\/\/www.ziemniak.wroclaw.pl\/index.php?rest_route=\/wp\/v2\/types\/page"}],"author":[{"embeddable":true,"href":"https:\/\/www.ziemniak.wroclaw.pl\/index.php?rest_route=\/wp\/v2\/users\/1"}],"replies":[{"embeddable":true,"href":"https:\/\/www.ziemniak.wroclaw.pl\/index.php?rest_route=%2Fwp%2Fv2%2Fcomments&post=148"}],"version-history":[{"count":1,"href":"https:\/\/www.ziemniak.wroclaw.pl\/index.php?rest_route=\/wp\/v2\/pages\/148\/revisions"}],"predecessor-version":[{"id":149,"href":"https:\/\/www.ziemniak.wroclaw.pl\/index.php?rest_route=\/wp\/v2\/pages\/148\/revisions\/149"}],"wp:attachment":[{"href":"https:\/\/www.ziemniak.wroclaw.pl\/index.php?rest_route=%2Fwp%2Fv2%2Fmedia&parent=148"}],"curies":[{"name":"wp","href":"https:\/\/api.w.org\/{rel}","templated":true}]}}