{"id":10,"date":"2024-04-01T11:32:07","date_gmt":"2024-04-01T09:32:07","guid":{"rendered":"https:\/\/www.ziemniak.wroclaw.pl\/?page_id=10"},"modified":"2025-04-07T12:25:34","modified_gmt":"2025-04-07T10:25:34","slug":"strona-glowna","status":"publish","type":"page","link":"https:\/\/www.ziemniak.wroclaw.pl\/","title":{"rendered":"Strona g\u0142\u00f3wna"},"content":{"rendered":"\n<p class=\"has-text-align-center\">Serdecznie zapraszamy na:<\/p>\n\n\n\n<p class=\"has-text-align-center\"><strong>XI Konferencj\u0119 Naukow\u0105 z cyklu<\/strong><\/p>\n\n\n\n<p class=\"has-text-align-center\"><strong>\u201eZiemniak spo\u017cywczy i przemys\u0142owy oraz jego przetwarzanie\u201d<\/strong><\/p>\n\n\n\n<p class=\"has-text-align-center\">pod has\u0142em<\/p>\n\n\n\n<p class=\"has-text-align-center\"><strong>\u201eNauka i praktyka w produkcji i przetw\u00f3rstwie ziemniaka\u201d<\/strong><\/p>\n\n\n\n<p class=\"has-text-align-center\">Konferencja odb\u0119dzie si\u0119 w<br>Centrum Biologii Stosowanej oraz Innowacyjnych Technologii Produkcji \u017bywno\u015bci,<br>Wroc\u0142aw ul. Che\u0142mo\u0144skiego 39,<br>w dniach<br><strong>8-9 maja 2025r.<\/strong><\/p>\n\n\n\n<p class=\"has-text-align-center\">Organizatorzy Konferencji:<\/p>\n\n\n\n<p class=\"has-text-align-center\"><strong>Polskie Towarzystwo Technolog\u00f3w \u017bywno\u015bci &#8211; Oddzia\u0142 Wroc\u0142awski,<\/strong> <strong>Sekcja Technologii W\u0119glowodan\u00f3w<\/strong><\/p>\n\n\n\n<figure class=\"wp-block-image aligncenter size-medium is-resized\"><img loading=\"lazy\" decoding=\"async\" width=\"300\" height=\"293\" src=\"https:\/\/www.ziemniak.wroclaw.pl\/wp-content\/uploads\/2024\/11\/PTTZ-300x293.png\" alt=\"\" class=\"wp-image-130\" style=\"width:117px;height:auto\" srcset=\"https:\/\/www.ziemniak.wroclaw.pl\/wp-content\/uploads\/2024\/11\/PTTZ-300x293.png 300w, https:\/\/www.ziemniak.wroclaw.pl\/wp-content\/uploads\/2024\/11\/PTTZ.png 512w\" sizes=\"auto, (max-width: 300px) 100vw, 300px\" \/><\/figure>\n\n\n\n<p class=\"has-text-align-center\"><strong>Katedra Technologii \u017bywno\u015bci i Przechowalnictwa, Wydzia\u0142 Biotechnologii i Nauk o \u017bywno\u015bci, Uniwersytet Przyrodniczy we Wroc\u0142awiu<\/strong><\/p>\n\n\n\n<div class=\"wp-block-stackable-columns stk-block-columns stk-block stk-28bab13\" data-block-id=\"28bab13\"><div class=\"stk-row stk-inner-blocks stk-block-content stk-content-align stk-28bab13-column\">\n<div class=\"wp-block-stackable-column stk-block-column stk-column stk-block stk-4e91846\" data-v=\"4\" data-block-id=\"4e91846\"><style>.stk-4e91846 {align-self:center !important;}.stk-4e91846-inner-blocks{align-items:center !important;justify-content:center !important;}@media screen and (min-width:690px){.stk-4e91846 {flex:var(--stk-flex-grow, 1) 1 calc(58.9% - var(--stk-column-gap, 0px) * 1 \/ 2 ) !important;}}<\/style><div class=\"stk-column-wrapper stk-block-column__content stk-container stk-4e91846-container stk--no-background stk--no-padding\"><div class=\"has-text-align-center stk--column-flex stk-block-content stk-inner-blocks stk-4e91846-inner-blocks\">\n<figure class=\"wp-block-image aligncenter size-full is-resized\"><img loading=\"lazy\" decoding=\"async\" width=\"236\" height=\"148\" src=\"https:\/\/www.ziemniak.wroclaw.pl\/wp-content\/uploads\/2024\/11\/UPWR.png\" alt=\"\" class=\"wp-image-131\" style=\"width:240px;height:auto\"\/><\/figure>\n<\/div><\/div><\/div>\n\n\n\n<div class=\"wp-block-stackable-column stk-block-column stk-column stk-block stk-9a2457f\" data-v=\"4\" data-block-id=\"9a2457f\"><style>.stk-9a2457f {align-self:center !important;}.stk-9a2457f-inner-blocks{align-items:center !important;justify-content:center !important;}@media screen and (min-width:690px){.stk-9a2457f {flex:var(--stk-flex-grow, 1) 1 calc(41.1% - var(--stk-column-gap, 0px) * 1 \/ 2 ) !important;}}<\/style><div class=\"stk-column-wrapper stk-block-column__content stk-container stk-9a2457f-container stk--no-background stk--no-padding\"><div class=\"stk--column-flex stk-block-content stk-inner-blocks stk-9a2457f-inner-blocks\">\n<figure class=\"wp-block-image size-full is-resized\"><img loading=\"lazy\" decoding=\"async\" width=\"713\" height=\"131\" src=\"https:\/\/www.ziemniak.wroclaw.pl\/wp-content\/uploads\/2024\/11\/WBINOZ.png\" alt=\"\" class=\"wp-image-132\" style=\"width:446px;height:auto\" srcset=\"https:\/\/www.ziemniak.wroclaw.pl\/wp-content\/uploads\/2024\/11\/WBINOZ.png 713w, https:\/\/www.ziemniak.wroclaw.pl\/wp-content\/uploads\/2024\/11\/WBINOZ-300x55.png 300w\" sizes=\"auto, (max-width: 713px) 100vw, 713px\" \/><\/figure>\n<\/div><\/div><\/div>\n<\/div><\/div>\n\n\n\n<p class=\"has-text-align-center\">we wsp\u00f3\u0142pracy z<\/p>\n\n\n\n<p class=\"has-text-align-center\"><strong>Instytutem Hodowli i Aklimatyzacji Ro\u015blin<\/strong><strong><\/strong><br><strong>&#8211; Pa\u0144stwowy Instytut Badawczy<\/strong><\/p>\n\n\n\n<figure class=\"wp-block-image aligncenter size-medium is-resized\"><img loading=\"lazy\" decoding=\"async\" width=\"300\" height=\"70\" src=\"https:\/\/www.ziemniak.wroclaw.pl\/wp-content\/uploads\/2024\/11\/IHAR-300x70.png\" alt=\"\" class=\"wp-image-127\" style=\"width:350px;height:auto\" srcset=\"https:\/\/www.ziemniak.wroclaw.pl\/wp-content\/uploads\/2024\/11\/IHAR-300x70.png 300w, https:\/\/www.ziemniak.wroclaw.pl\/wp-content\/uploads\/2024\/11\/IHAR.png 307w\" sizes=\"auto, (max-width: 300px) 100vw, 300px\" \/><\/figure>\n\n\n\n<p class=\"has-text-align-center\"><strong>Patronat honorowy<\/strong><strong><\/strong><\/p>\n\n\n\n<div class=\"wp-block-stackable-columns stk-block-columns stk-block stk-3fc8cc0\" data-block-id=\"3fc8cc0\"><div class=\"stk-row stk-inner-blocks stk-block-content stk-content-align stk-3fc8cc0-column\">\n<div class=\"wp-block-stackable-column stk-block-column stk-column stk-block stk-0fc0354\" data-v=\"4\" data-block-id=\"0fc0354\"><div class=\"stk-column-wrapper stk-block-column__content stk-container stk-0fc0354-container stk--no-background stk--no-padding\"><div class=\"has-text-align-center stk-block-content stk-inner-blocks stk-0fc0354-inner-blocks\">\n<h5 class=\"wp-block-heading\">Komitet Nauk o \u017bywno\u015bci i \u017bywieniu Polska Akademia Nauk<\/h5>\n\n\n\n<figure class=\"wp-block-image is-resized\"><img loading=\"lazy\" decoding=\"async\" width=\"385\" height=\"327\" src=\"https:\/\/www.ziemniak.wroclaw.pl\/wp-content\/uploads\/2024\/11\/PAN.jpg\" alt=\"\" class=\"wp-image-129\" style=\"width:214px;height:auto\" srcset=\"https:\/\/www.ziemniak.wroclaw.pl\/wp-content\/uploads\/2024\/11\/PAN.jpg 385w, https:\/\/www.ziemniak.wroclaw.pl\/wp-content\/uploads\/2024\/11\/PAN-300x255.jpg 300w\" sizes=\"auto, (max-width: 385px) 100vw, 385px\" \/><\/figure>\n<\/div><\/div><\/div>\n\n\n\n<div class=\"wp-block-stackable-column stk-block-column stk-column stk-block stk-d98a73c\" data-v=\"4\" data-block-id=\"d98a73c\"><style>.stk-d98a73c {align-self:stretch !important;}<\/style><div class=\"stk-column-wrapper stk-block-column__content stk-container stk-d98a73c-container stk--no-background stk--no-padding\"><div class=\"stk-block-content stk-inner-blocks stk-d98a73c-inner-blocks\">\n<h5 class=\"wp-block-heading has-text-align-center\">Patronat honorowy Marsza\u0142ka Wojew\u00f3dztwa Dolno\u015bl\u0105skiego<\/h5>\n\n\n\n<figure class=\"wp-block-image size-large\"><img loading=\"lazy\" decoding=\"async\" width=\"1024\" height=\"654\" src=\"https:\/\/www.ziemniak.wroclaw.pl\/wp-content\/uploads\/2025\/03\/logotyp_patronat_marszalka_pion-gancarz-1024x654.png\" alt=\"\" class=\"wp-image-247\" srcset=\"https:\/\/www.ziemniak.wroclaw.pl\/wp-content\/uploads\/2025\/03\/logotyp_patronat_marszalka_pion-gancarz-1024x654.png 1024w, https:\/\/www.ziemniak.wroclaw.pl\/wp-content\/uploads\/2025\/03\/logotyp_patronat_marszalka_pion-gancarz-300x192.png 300w, https:\/\/www.ziemniak.wroclaw.pl\/wp-content\/uploads\/2025\/03\/logotyp_patronat_marszalka_pion-gancarz-768x490.png 768w, https:\/\/www.ziemniak.wroclaw.pl\/wp-content\/uploads\/2025\/03\/logotyp_patronat_marszalka_pion-gancarz.png 1106w\" sizes=\"auto, (max-width: 1024px) 100vw, 1024px\" \/><\/figure>\n<\/div><\/div><\/div>\n\n\n\n<div class=\"wp-block-stackable-column stk-block-column stk-column stk-block stk-3f44f13\" data-v=\"4\" data-block-id=\"3f44f13\"><style>.stk-3f44f13 {align-self:flex-start !important;}<\/style><div class=\"stk-column-wrapper stk-block-column__content stk-container stk-3f44f13-container stk--no-background stk--no-padding\"><div class=\"has-text-align-center stk-block-content stk-inner-blocks stk-3f44f13-inner-blocks\">\n<h5 class=\"wp-block-heading\">Czasopismo <br>PRZEMYS\u0141 SPO\u017bYWCZY<br><br><\/h5>\n\n\n\n<figure class=\"wp-block-image size-large\"><img loading=\"lazy\" decoding=\"async\" width=\"1024\" height=\"329\" src=\"https:\/\/www.ziemniak.wroclaw.pl\/wp-content\/uploads\/2025\/04\/Logo-PS-1024x329.jpg\" alt=\"\" class=\"wp-image-264\" srcset=\"https:\/\/www.ziemniak.wroclaw.pl\/wp-content\/uploads\/2025\/04\/Logo-PS-1024x329.jpg 1024w, https:\/\/www.ziemniak.wroclaw.pl\/wp-content\/uploads\/2025\/04\/Logo-PS-300x96.jpg 300w, https:\/\/www.ziemniak.wroclaw.pl\/wp-content\/uploads\/2025\/04\/Logo-PS-768x247.jpg 768w, https:\/\/www.ziemniak.wroclaw.pl\/wp-content\/uploads\/2025\/04\/Logo-PS-1536x494.jpg 1536w, https:\/\/www.ziemniak.wroclaw.pl\/wp-content\/uploads\/2025\/04\/Logo-PS.jpg 1841w\" sizes=\"auto, (max-width: 1024px) 100vw, 1024px\" \/><\/figure>\n<\/div><\/div><\/div>\n<\/div><\/div>\n\n\n\n<p class=\"has-text-align-center\"><strong>Projekt dofinansowany ze \u015brodk\u00f3w bud\u017cetu pa\u0144stwa, przyznanych przez Ministra Nauki w ramach Programu Doskona\u0142a nauka II<\/strong><\/p>\n\n\n\n<figure class=\"wp-block-image aligncenter size-full is-resized\"><img loading=\"lazy\" decoding=\"async\" width=\"801\" height=\"249\" src=\"https:\/\/www.ziemniak.wroclaw.pl\/wp-content\/uploads\/2025\/01\/MNiSW.png\" alt=\"\" class=\"wp-image-241\" style=\"width:468px;height:auto\" srcset=\"https:\/\/www.ziemniak.wroclaw.pl\/wp-content\/uploads\/2025\/01\/MNiSW.png 801w, https:\/\/www.ziemniak.wroclaw.pl\/wp-content\/uploads\/2025\/01\/MNiSW-300x93.png 300w, https:\/\/www.ziemniak.wroclaw.pl\/wp-content\/uploads\/2025\/01\/MNiSW-768x239.png 768w\" sizes=\"auto, (max-width: 801px) 100vw, 801px\" \/><\/figure>\n\n\n\n<p><\/p>\n","protected":false},"excerpt":{"rendered":"<p>Serdecznie zapraszamy na: XI Konferencj\u0119 Naukow\u0105 z cyklu \u201eZiemniak spo\u017cywczy i przemys\u0142owy oraz jego przetwarzanie\u201d pod has\u0142em \u201eNauka i praktyka w produkcji i przetw\u00f3rstwie ziemniaka\u201d Konferencja odb\u0119dzie si\u0119 wCentrum Biologii Stosowanej oraz Innowacyjnych Technologii Produkcji \u017bywno\u015bci,Wroc\u0142aw ul. Che\u0142mo\u0144skiego 39,w dniach8-9 maja 2025r. Organizatorzy Konferencji: Polskie Towarzystwo Technolog\u00f3w \u017bywno\u015bci &#8211; Oddzia\u0142 Wroc\u0142awski, Sekcja Technologii W\u0119glowodan\u00f3w Katedra [&hellip;]<\/p>\n","protected":false},"author":1,"featured_media":0,"parent":0,"menu_order":0,"comment_status":"closed","ping_status":"closed","template":"","meta":{"footnotes":""},"class_list":["post-10","page","type-page","status-publish","hentry"],"blocksy_meta":[],"_links":{"self":[{"href":"https:\/\/www.ziemniak.wroclaw.pl\/index.php?rest_route=\/wp\/v2\/pages\/10","targetHints":{"allow":["GET"]}}],"collection":[{"href":"https:\/\/www.ziemniak.wroclaw.pl\/index.php?rest_route=\/wp\/v2\/pages"}],"about":[{"href":"https:\/\/www.ziemniak.wroclaw.pl\/index.php?rest_route=\/wp\/v2\/types\/page"}],"author":[{"embeddable":true,"href":"https:\/\/www.ziemniak.wroclaw.pl\/index.php?rest_route=\/wp\/v2\/users\/1"}],"replies":[{"embeddable":true,"href":"https:\/\/www.ziemniak.wroclaw.pl\/index.php?rest_route=%2Fwp%2Fv2%2Fcomments&post=10"}],"version-history":[{"count":22,"href":"https:\/\/www.ziemniak.wroclaw.pl\/index.php?rest_route=\/wp\/v2\/pages\/10\/revisions"}],"predecessor-version":[{"id":268,"href":"https:\/\/www.ziemniak.wroclaw.pl\/index.php?rest_route=\/wp\/v2\/pages\/10\/revisions\/268"}],"wp:attachment":[{"href":"https:\/\/www.ziemniak.wroclaw.pl\/index.php?rest_route=%2Fwp%2Fv2%2Fmedia&parent=10"}],"curies":[{"name":"wp","href":"https:\/\/api.w.org\/{rel}","templated":true}]}}